{"id":63,"date":"2023-09-27T21:59:00","date_gmt":"2023-09-27T21:59:00","guid":{"rendered":"https:\/\/demo.drquasar.com\/?page_id=63"},"modified":"2024-02-14T20:54:12","modified_gmt":"2024-02-14T20:54:12","slug":"rolam","status":"publish","type":"page","link":"https:\/\/demo.drquasar.com\/de\/rolam\/","title":{"rendered":"VITA"},"content":{"rendered":"<div data-elementor-type=\"wp-page\" data-elementor-id=\"63\" class=\"elementor elementor-63\" data-elementor-post-type=\"page\">\n\t\t\t\t<div class=\"elementor-element elementor-element-90ee3ee e-flex e-con-boxed e-con e-parent\" data-id=\"90ee3ee\" data-element_type=\"container\" data-settings=\"{&quot;background_background&quot;:&quot;classic&quot;,&quot;content_width&quot;:&quot;boxed&quot;}\" data-core-v316-plus=\"true\">\n\t\t\t\t\t<div class=\"e-con-inner\">\n\t\t<div class=\"elementor-element elementor-element-0f0dccd e-con-full e-flex e-con e-child\" data-id=\"0f0dccd\" data-element_type=\"container\" data-settings=\"{&quot;content_width&quot;:&quot;full&quot;}\">\n\t\t\t\t<div class=\"elementor-element elementor-element-f9c905e elementor-widget elementor-widget-text-editor\" data-id=\"f9c905e\" data-element_type=\"widget\" data-widget_type=\"text-editor.default\">\n\t\t\t\t<div class=\"elementor-widget-container\">\n\t\t\t<style>\/*! elementor - v3.19.0 - 07-02-2024 *\/\n.elementor-widget-text-editor.elementor-drop-cap-view-stacked .elementor-drop-cap{background-color:#69727d;color:#fff}.elementor-widget-text-editor.elementor-drop-cap-view-framed .elementor-drop-cap{color:#69727d;border:3px solid;background-color:transparent}.elementor-widget-text-editor:not(.elementor-drop-cap-view-default) .elementor-drop-cap{margin-top:8px}.elementor-widget-text-editor:not(.elementor-drop-cap-view-default) .elementor-drop-cap-letter{width:1em;height:1em}.elementor-widget-text-editor .elementor-drop-cap{float:left;text-align:center;line-height:1;font-size:50px}.elementor-widget-text-editor .elementor-drop-cap-letter{display:inline-block}<\/style>\t\t\t\t<p style=\"text-align: justify;\">Die ungarische Sopranistin schloss im Sommer 2018 ihr Opernstudium an der <strong>Theaterakademie<\/strong> <strong>August<\/strong> <strong>Everding<\/strong> in M\u00fcnchen ab. Ihre Gesangslehrer waren Veronika Dobi-Kiss, Prof. Krisztina Laki, Prof. Thomas Mohr und Prof. Fenna K\u00fcgel-Seifried, aber sie arbeitete auf Meisterkursen mit Michelle Breedt, Angelika Kirchschlager, Malcom Martineau, \u00c9va Marton und Ks. Brigitte Fassbaender auch zusammen.<\/p><p style=\"text-align: justify;\">Bereist w\u00e4hrend des Studiums verwirklichte sie mehrere Rollen an diversen Opernh\u00e4usern. Sie deb\u00fctierte 2017\/18 u.a. an der <strong>Bayerischen<\/strong> <strong>Staatsoper<\/strong> <strong>- <\/strong>als <strong>Modistin <\/strong>im Rosenkavalier von R. Strauss (Petrenko) und als <strong>Charlotte<\/strong> in E. K\u0159eneks Der Diktator (Januschke).<\/p><p style=\"text-align: justify;\">Direkt vom Studium wurde sie nach Trier (bis 2021) engagiert und war dort u.a. als <strong>Donna<\/strong> <strong>Elvira<\/strong>, <strong>Frau<\/strong> <strong>Fluth, Contessa Almaviva, Hanna Glawari, Poppea, Feldmarschallin <\/strong>oder in Poulencs Monooper <strong>La<\/strong> <strong>voix<\/strong> <strong>humaine<\/strong>\u00a0(Hochstebach) auf der B\u00fchne zu erleben. 2019 gastierte sie in Beethovens Fidelio (Januschke) als\u00a0<strong>Marzelline <\/strong>in Bregenz, wohin sie in der n\u00e4chsten Saison als <strong>Donna Elvira<\/strong>\u00a0(Linton France) zur\u00fcckkehrt. Im Steinbruch St. Margarethen trat sie als Mozarts <strong>1. Dame<\/strong> auf (Januschke). In der Spielzeit 21\/22 verk\u00f6rperte sie die Rolle der <strong>Arminda<\/strong> im Badischen Staatstheater, Aalto Theater, Landestheater Salzburg und Mainzer Staatstheater.  In der letzten Spielzeit sang sie <strong>Agathe<\/strong>\u00a0(Merkel) im Theater Koblenz und gastiert im Wuppertal als <strong>Contessa Almaviva<\/strong>\u00a0(Hahn). In der vergangenen Spielzeit konnte das Publikum sie erstmals in einer Verdi Oper h\u00f6ren - im Prinzregententheater (M\u00fcnchen) und in der M\u00fcPa (Budapest) in der Rolle der <strong>Viclinda.<\/strong> Der Konzertmitschnitt ist bei der BR Klassik erschienen. In der aktuellen Spielzeit deb\u00fctiert R\u00e9ka Krist\u00f3f in der Slowakei, im Staatstheater B\u00e1nska Bystrica tritt sie in Bizets Carmen als <strong>Mica\u00ebla<\/strong> (Bulla) auf.<\/p><p style=\"text-align: justify;\">R\u00e9ka Krist\u00f3f deb\u00fctierte in der Budapester Staatsoper als <strong>Susanna<\/strong>\u00a0(Vashegyi). Sie sang in Poldinis Faschinger Hochzeit <strong>Zsuzsika\u00a0<\/strong>(S\u00e1ndor), in Szokolays Margit <strong>Anna <\/strong>(Cser). Im B. Bart\u00f3k Saal in der M\u00fcPa (Budapest) erlebte sie das Publikum als <strong>Euridice<\/strong> (Vashegyi). Das Jahr 2023 begr\u00fc\u00dfte sie mit \u00c1d\u00e1m Fischer in J. Haydns <strong>Die Jahreszeiten.<\/strong> Sie sang die Sopranpartie in <strong>Orb\u00e1ns <\/strong>und <strong>Mozarts Requiem<\/strong> (J. Kov\u00e1cs), in <strong>Il ritorno di Tobia<\/strong> (Vashegyi) u.a.<\/p><p style=\"text-align: justify;\">Sie sang im Festspielhaus Salzburg <strong>Mahlers 4. Symphonie<\/strong> (Farkas), im Trierer Dom <strong>Paulus<\/strong>, <strong>Lobgesang<\/strong>,\u00a0<strong>Brahms Requiem<\/strong>\u00a0und andere Werke, aber als Konzerts\u00e4ngerin hat sie bereits viele Oratorien aufgef\u00fchrt. Im Jahr 2018 sang sie mit der <strong>Pannon<\/strong> <strong>Filharmonie<\/strong> die <strong>Vier<\/strong> <strong>letze<\/strong> <strong>Lieder<\/strong> von R. Strauss unter der Leitung von A. Ligeti. Im Januar 2024 deb\u00fctiert sie in der d\u00fcsseldorfer Mendelssohn-Saal in Haydns <strong>Nelsonmesse<\/strong> (\u00c1. Fischer).<\/p><p style=\"text-align: justify;\">Ein H\u00f6hepunkt ihrer bisherigen Laufbahn war ein Soloabend in der New Yorker <strong>Carnegie Hall<\/strong> im Mai 2018. Als Lied- und Konzerts\u00e4ngerin arbeitet R\u00e9ka Krist\u00f3f mit f\u00fchrenden Dirigenten und Orchester in Ungarn und Europa. Das Kammermusikfestival Kapostest, die F. Liszt Musikakademie, das Budapester Fr\u00fchlingsfestival, W\u00fcrzburger Mozartfest, das Prinzregententheater in M\u00fcnchen, die Gasteig Philharmonie, der Trierer Dom und die Konstantinbasilika - nur einige Veranstaltungsorte, wo sie immer wieder zu erleben ist.<\/p><p style=\"text-align: justify;\">Gro\u00dfe Vorliebe gilt der <strong>Alten Musik<\/strong>. Im 2017 spielte sie die Titelrolle in F. X. Sterkels Oper <strong>Il Farnace.<\/strong>\u00a0Die Auff\u00fchrung wurde von der Bayerischen Rundfunk mitgeschnitten. Sie f\u00fchrt regelm\u00e4\u00dfig Solokantaten und Oratorien auf. Mit dem Ensemble Accademia di Monaco verbindet sie eine langj\u00e4hrige Zusammenarbeit, aus der sich ihre <strong>Deb\u00fct CD<\/strong> mit dem Titel <strong>In furore<\/strong> unter der Leitung von <strong>Joachim Tschiedel <\/strong>entiwckelt hat. Die Aufnahme wurde 2019 f\u00fcr den <strong>Preis der<\/strong> <strong>Deutschen Schallplattenkritik<\/strong> in der Kategorie Klassisches Leid \/ Vokalrecital nominiert.<\/p><p style=\"text-align: justify;\">2018 gewann R\u00e9ka Krist\u00f3f den 1. Preis des <strong>Internationalen<\/strong> <strong>Anton Rubinstein<\/strong> <strong>Wettbewerbs,<\/strong> sie war Finalistin bei dem <strong>Bundeswettbewerb<\/strong> <strong>Gesang,<\/strong> Semifinalistin des Gesangwettbewerbs <strong>Die Meistersinger von N\u00fcrnberg.<\/strong> Im Jahr 2017 wurde sie Stipendiatin des <strong>Richard-Wagner-Verbandes,<\/strong> des <strong>Deutschen B\u00fchnenvereins<\/strong>, der\u00a0<strong>Hasse Gesellschaft<\/strong> und sie bekam den Sonderpreis vom <strong>Preis der<\/strong> <strong>Gasteig Musikpreis.<\/strong> 2022 erhliet sie den <strong>Preis<\/strong> <strong>Harmonie,<\/strong> die einzige musikalische Auszeichnung der ungarischen Minderheit in der Slowakei. In Budapest 2017 gewann sie den Wettbewerb <strong>Virtu\u00f3zok<\/strong> des ungarischen Rundfunks.<\/p>\t\t\t\t\t\t<\/div>\n\t\t\t\t<\/div>\n\t\t\t\t<\/div>\n\t\t<div class=\"elementor-element elementor-element-9158f9b e-con-full e-flex e-con e-child\" data-id=\"9158f9b\" data-element_type=\"container\" data-settings=\"{&quot;content_width&quot;:&quot;full&quot;}\">\n\t\t\t\t<div class=\"elementor-element elementor-element-c65acde elementor-widget__width-auto elementor-fixed elementor-view-default elementor-widget elementor-widget-icon\" data-id=\"c65acde\" data-element_type=\"widget\" data-settings=\"{&quot;_position&quot;:&quot;fixed&quot;,&quot;motion_fx_motion_fx_scrolling&quot;:&quot;yes&quot;,&quot;motion_fx_opacity_effect&quot;:&quot;yes&quot;,&quot;motion_fx_opacity_range&quot;:{&quot;unit&quot;:&quot;%&quot;,&quot;size&quot;:&quot;&quot;,&quot;sizes&quot;:{&quot;start&quot;:40,&quot;end&quot;:60}},&quot;motion_fx_opacity_direction&quot;:&quot;out-in&quot;,&quot;motion_fx_opacity_level&quot;:{&quot;unit&quot;:&quot;px&quot;,&quot;size&quot;:10,&quot;sizes&quot;:[]},&quot;motion_fx_devices&quot;:[&quot;desktop&quot;,&quot;tablet&quot;,&quot;mobile&quot;]}\" data-widget_type=\"icon.default\">\n\t\t\t\t<div class=\"elementor-widget-container\">\n\t\t\t\t\t<div class=\"elementor-icon-wrapper\">\n\t\t\t<a class=\"elementor-icon\" href=\"#scrolltotop\">\n\t\t\t<i aria-hidden=\"true\" class=\"fas fa-arrow-up\"><\/i>\t\t\t<\/a>\n\t\t<\/div>\n\t\t\t\t<\/div>\n\t\t\t\t<\/div>\n\t\t\t\t<\/div>\n\t\t\t\t\t<\/div>\n\t\t\t\t<\/div>\n\t\t\t\t<\/div>","protected":false},"excerpt":{"rendered":"<p>A 2022-ben Harm\u00f3nia d\u00edjjal kit\u00fcntetett szopr\u00e1n Kom\u00e1romban, a Duna \u00e9szaki partj\u00e1n sz\u00fcletett. Krist\u00f3f R\u00e9ka 2018 nyar\u00e1n a m\u00fcncheni August Everding Sz\u00edniakad\u00e9mia operaszakos hallgat\u00f3jak\u00e9nt diplom\u00e1zott. \u00c9nektan\u00e1rai Dobi-Kiss Veronika, Thomas Mohr, Laki Krisztina \u00e9s Fenna K\u00fcgel-Seifried voltak, de r\u00e9szt vett Michelle Breedt, Angelika Kirchschlager, Malcolm Martineau, Marton \u00c9va \u00e9s Ks. Brigitte Fassbaender mesterkurzusain is. M\u00e9g tanulm\u00e1nyai alatt &#8230; <a title=\"VITA\" class=\"read-more\" href=\"https:\/\/demo.drquasar.com\/de\/rolam\/\" aria-label=\"Mehr dazu unter R\u00d3LAM\">Weiterlesen<\/a><\/p>","protected":false},"author":1,"featured_media":0,"parent":0,"menu_order":0,"comment_status":"closed","ping_status":"closed","template":"elementor_header_footer","meta":{"_seopress_robots_primary_cat":"","_seopress_titles_title":"","_seopress_titles_desc":"","_seopress_robots_index":"","footnotes":""},"class_list":["post-63","page","type-page","status-publish"],"_links":{"self":[{"href":"https:\/\/demo.drquasar.com\/de\/wp-json\/wp\/v2\/pages\/63","targetHints":{"allow":["GET"]}}],"collection":[{"href":"https:\/\/demo.drquasar.com\/de\/wp-json\/wp\/v2\/pages"}],"about":[{"href":"https:\/\/demo.drquasar.com\/de\/wp-json\/wp\/v2\/types\/page"}],"author":[{"embeddable":true,"href":"https:\/\/demo.drquasar.com\/de\/wp-json\/wp\/v2\/users\/1"}],"replies":[{"embeddable":true,"href":"https:\/\/demo.drquasar.com\/de\/wp-json\/wp\/v2\/comments?post=63"}],"version-history":[{"count":104,"href":"https:\/\/demo.drquasar.com\/de\/wp-json\/wp\/v2\/pages\/63\/revisions"}],"predecessor-version":[{"id":2452,"href":"https:\/\/demo.drquasar.com\/de\/wp-json\/wp\/v2\/pages\/63\/revisions\/2452"}],"wp:attachment":[{"href":"https:\/\/demo.drquasar.com\/de\/wp-json\/wp\/v2\/media?parent=63"}],"curies":[{"name":"wp","href":"https:\/\/api.w.org\/{rel}","templated":true}]}}